{"id":1712,"date":"2020-04-02T15:10:36","date_gmt":"2020-04-02T15:10:36","guid":{"rendered":"https:\/\/securite-protection-risque.com\/?page_id=1712"},"modified":"2020-11-19T02:12:27","modified_gmt":"2020-11-19T02:12:27","slug":"securite-incendie-et-secours-aux-personnes","status":"publish","type":"page","link":"https:\/\/securite-protection-risque.com\/index.php\/fr\/securite-incendie-et-secours-aux-personnes\/","title":{"rendered":"S\u00e9curit\u00e9 incendie et secours aux personnes"},"content":{"rendered":"\t\t<div data-elementor-type=\"wp-page\" data-elementor-id=\"1712\" class=\"elementor elementor-1712\">\n\t\t\t\t\t\t\t\t\t<section class=\"elementor-section elementor-top-section elementor-element elementor-element-144ca7a elementor-section-height-min-height elementor-section-items-bottom elementor-section-boxed elementor-section-height-default\" data-id=\"144ca7a\" data-element_type=\"section\" data-settings=\"{&quot;background_background&quot;:&quot;classic&quot;}\">\n\t\t\t\t\t\t\t<div class=\"elementor-background-overlay\"><\/div>\n\t\t\t\t\t\t\t<div class=\"elementor-container elementor-column-gap-default\">\n\t\t\t\t\t<div class=\"elementor-column elementor-col-50 elementor-top-column elementor-element elementor-element-3f7ffc1 animated-slow elementor-invisible\" data-id=\"3f7ffc1\" data-element_type=\"column\" data-settings=\"{&quot;animation&quot;:&quot;fadeIn&quot;}\">\n\t\t\t<div class=\"elementor-widget-wrap elementor-element-populated\">\n\t\t\t\t\t\t\t\t<div class=\"elementor-element elementor-element-91aeab7 elementor-widget elementor-widget-heading\" data-id=\"91aeab7\" data-element_type=\"widget\" data-widget_type=\"heading.default\">\n\t\t\t\t<div class=\"elementor-widget-container\">\n\t\t\t<h2 class=\"elementor-heading-title elementor-size-default\">S\u00e9curit\u00e9 et s\u00fbret\u00e9 incendie <\/h2>\t\t<\/div>\n\t\t\t\t<\/div>\n\t\t\t\t<div class=\"elementor-element elementor-element-9eb1aa6 elementor-widget elementor-widget-text-editor\" data-id=\"9eb1aa6\" data-element_type=\"widget\" data-widget_type=\"text-editor.default\">\n\t\t\t\t<div class=\"elementor-widget-container\">\n\t\t\t\t\t\t\t<p>De par leur exp\u00e9rience et leur professionnalisme nos agents form\u00e9s \u00e0 assurer la s\u00e9curit\u00e9 incendie des personnes et des biens (SSIAP), garantissent \u00e0 nos clients la pr\u00e9vention des dommages li\u00e9s aux incendies susceptibles de se d\u00e9clencher sur des lieux recevant du public ou r\u00e8gis par des r\u00e8glementations\u00a0r\u00e8glementation pr\u00e9cises.<\/p><p>Il s\u2019agit pour nos agents d\u2019effectuer une mission de contr\u00f4le et d\u2019information car votre s\u00e9curit\u00e9 ainsi que celle des sites o\u00f9 nous travaillons est notre priorit\u00e9.<\/p>\t\t\t\t\t\t<\/div>\n\t\t\t\t<\/div>\n\t\t\t\t\t<\/div>\n\t\t<\/div>\n\t\t\t\t<div class=\"elementor-column elementor-col-50 elementor-top-column elementor-element elementor-element-c34b139\" data-id=\"c34b139\" data-element_type=\"column\">\n\t\t\t<div class=\"elementor-widget-wrap\">\n\t\t\t\t\t\t\t\t\t<\/div>\n\t\t<\/div>\n\t\t\t\t\t\t\t<\/div>\n\t\t<\/section>\n\t\t\t\t\t\t\t<\/div>\n\t\t","protected":false},"excerpt":{"rendered":"<p>S\u00e9curit\u00e9 et s\u00fbret\u00e9 incendie De par leur exp\u00e9rience et leur professionnalisme nos agents form\u00e9s \u00e0 assurer la s\u00e9curit\u00e9 incendie des personnes et des biens (SSIAP), garantissent \u00e0 nos clients la pr\u00e9vention des dommages li\u00e9s aux incendies susceptibles de se d\u00e9clencher sur des lieux recevant du public ou r\u00e8gis par des r\u00e8glementations\u00a0r\u00e8glementation pr\u00e9cises. Il s\u2019agit pour [&hellip;]<\/p>\n","protected":false},"author":1,"featured_media":0,"parent":0,"menu_order":0,"comment_status":"closed","ping_status":"closed","template":"","meta":{"_uag_custom_page_level_css":"","site-sidebar-layout":"no-sidebar","site-content-layout":"page-builder","ast-site-content-layout":"","site-content-style":"default","site-sidebar-style":"default","ast-global-header-display":"","ast-banner-title-visibility":"","ast-main-header-display":"","ast-hfb-above-header-display":"","ast-hfb-below-header-display":"","ast-hfb-mobile-header-display":"","site-post-title":"disabled","ast-breadcrumbs-content":"","ast-featured-img":"disabled","footer-sml-layout":"","theme-transparent-header-meta":"default","adv-header-id-meta":"","stick-header-meta":"","header-above-stick-meta":"","header-main-stick-meta":"","header-below-stick-meta":"","astra-migrate-meta-layouts":"default","ast-page-background-enabled":"default","ast-page-background-meta":{"desktop":{"background-color":"","background-image":"","background-repeat":"repeat","background-position":"center center","background-size":"auto","background-attachment":"scroll","background-type":"","background-media":"","overlay-type":"","overlay-color":"","overlay-opacity":"","overlay-gradient":""},"tablet":{"background-color":"","background-image":"","background-repeat":"repeat","background-position":"center center","background-size":"auto","background-attachment":"scroll","background-type":"","background-media":"","overlay-type":"","overlay-color":"","overlay-opacity":"","overlay-gradient":""},"mobile":{"background-color":"","background-image":"","background-repeat":"repeat","background-position":"center center","background-size":"auto","background-attachment":"scroll","background-type":"","background-media":"","overlay-type":"","overlay-color":"","overlay-opacity":"","overlay-gradient":""}},"ast-content-background-meta":{"desktop":{"background-color":"var(--ast-global-color-5)","background-image":"","background-repeat":"repeat","background-position":"center center","background-size":"auto","background-attachment":"scroll","background-type":"","background-media":"","overlay-type":"","overlay-color":"","overlay-opacity":"","overlay-gradient":""},"tablet":{"background-color":"var(--ast-global-color-5)","background-image":"","background-repeat":"repeat","background-position":"center center","background-size":"auto","background-attachment":"scroll","background-type":"","background-media":"","overlay-type":"","overlay-color":"","overlay-opacity":"","overlay-gradient":""},"mobile":{"background-color":"var(--ast-global-color-5)","background-image":"","background-repeat":"repeat","background-position":"center center","background-size":"auto","background-attachment":"scroll","background-type":"","background-media":"","overlay-type":"","overlay-color":"","overlay-opacity":"","overlay-gradient":""}},"footnotes":""},"uagb_featured_image_src":{"full":false,"thumbnail":false,"medium":false,"medium_large":false,"large":false,"1536x1536":false,"2048x2048":false},"uagb_author_info":{"display_name":"admin","author_link":"https:\/\/securite-protection-risque.com\/index.php\/author\/levente\/"},"uagb_comment_info":0,"uagb_excerpt":"S\u00e9curit\u00e9 et s\u00fbret\u00e9 incendie De par leur exp\u00e9rience et leur professionnalisme nos agents form\u00e9s \u00e0 assurer la s\u00e9curit\u00e9 incendie des personnes et des biens (SSIAP), garantissent \u00e0 nos clients la pr\u00e9vention des dommages li\u00e9s aux incendies susceptibles de se d\u00e9clencher sur des lieux recevant du public ou r\u00e8gis par des r\u00e8glementations\u00a0r\u00e8glementation pr\u00e9cises. Il s\u2019agit pour&hellip;","_links":{"self":[{"href":"https:\/\/securite-protection-risque.com\/index.php\/wp-json\/wp\/v2\/pages\/1712"}],"collection":[{"href":"https:\/\/securite-protection-risque.com\/index.php\/wp-json\/wp\/v2\/pages"}],"about":[{"href":"https:\/\/securite-protection-risque.com\/index.php\/wp-json\/wp\/v2\/types\/page"}],"author":[{"embeddable":true,"href":"https:\/\/securite-protection-risque.com\/index.php\/wp-json\/wp\/v2\/users\/1"}],"replies":[{"embeddable":true,"href":"https:\/\/securite-protection-risque.com\/index.php\/wp-json\/wp\/v2\/comments?post=1712"}],"version-history":[{"count":34,"href":"https:\/\/securite-protection-risque.com\/index.php\/wp-json\/wp\/v2\/pages\/1712\/revisions"}],"predecessor-version":[{"id":2099,"href":"https:\/\/securite-protection-risque.com\/index.php\/wp-json\/wp\/v2\/pages\/1712\/revisions\/2099"}],"wp:attachment":[{"href":"https:\/\/securite-protection-risque.com\/index.php\/wp-json\/wp\/v2\/media?parent=1712"}],"curies":[{"name":"wp","href":"https:\/\/api.w.org\/{rel}","templated":true}]}}