{"id":1796,"date":"2020-04-03T00:34:40","date_gmt":"2020-04-03T00:34:40","guid":{"rendered":"https:\/\/securite-protection-risque.com\/?page_id=1796"},"modified":"2020-11-19T02:17:52","modified_gmt":"2020-11-19T02:17:52","slug":"securite-evenementielle-pour-nos-clients","status":"publish","type":"page","link":"https:\/\/securite-protection-risque.com\/index.php\/fr\/securite-evenementielle-pour-nos-clients\/","title":{"rendered":"S\u00e9curit\u00e9 \u00e9v\u00e9nementielle pour nos clients"},"content":{"rendered":"\t\t<div data-elementor-type=\"wp-page\" data-elementor-id=\"1796\" class=\"elementor elementor-1796\">\n\t\t\t\t\t\t\t\t\t<section class=\"elementor-section elementor-top-section elementor-element elementor-element-c2c32c0 elementor-section-height-min-height elementor-section-boxed elementor-section-height-default elementor-section-items-middle\" data-id=\"c2c32c0\" data-element_type=\"section\" data-settings=\"{&quot;background_background&quot;:&quot;classic&quot;}\">\n\t\t\t\t\t\t\t<div class=\"elementor-background-overlay\"><\/div>\n\t\t\t\t\t\t\t<div class=\"elementor-container elementor-column-gap-default\">\n\t\t\t\t\t<div class=\"elementor-column elementor-col-50 elementor-top-column elementor-element elementor-element-f1da73f\" data-id=\"f1da73f\" data-element_type=\"column\">\n\t\t\t<div class=\"elementor-widget-wrap\">\n\t\t\t\t\t\t\t\t\t<\/div>\n\t\t<\/div>\n\t\t\t\t<div class=\"elementor-column elementor-col-50 elementor-top-column elementor-element elementor-element-99ec235 animated-slow elementor-invisible\" data-id=\"99ec235\" data-element_type=\"column\" data-settings=\"{&quot;animation&quot;:&quot;fadeIn&quot;}\">\n\t\t\t<div class=\"elementor-widget-wrap elementor-element-populated\">\n\t\t\t\t\t\t\t\t<div class=\"elementor-element elementor-element-83f4fbd elementor-widget elementor-widget-heading\" data-id=\"83f4fbd\" data-element_type=\"widget\" data-widget_type=\"heading.default\">\n\t\t\t\t<div class=\"elementor-widget-container\">\n\t\t\t<h2 class=\"elementor-heading-title elementor-size-default\">Protection des \u00e9v\u00e9nements<\/h2>\t\t<\/div>\n\t\t\t\t<\/div>\n\t\t\t\t<div class=\"elementor-element elementor-element-816a1b3 elementor-widget elementor-widget-text-editor\" data-id=\"816a1b3\" data-element_type=\"widget\" data-widget_type=\"text-editor.default\">\n\t\t\t\t<div class=\"elementor-widget-container\">\n\t\t\t\t\t\t\t<p>Les \u00e9quipes LPN issues du monde militaire comme du monde civil garantissent un environnement s\u00e9curis\u00e9 pour les \u00e9v\u00e9nements survenant chez nos clients : Pr\u00e9sence de VIP, d\u00e9fil\u00e9s, soir\u00e9es\u2026\u00a0 En veillant \u00e0 la s\u00e9curit\u00e9 de tous et en assurant la s\u00fbret\u00e9 des lieux.<\/p>\t\t\t\t\t\t<\/div>\n\t\t\t\t<\/div>\n\t\t\t\t\t<\/div>\n\t\t<\/div>\n\t\t\t\t\t\t\t<\/div>\n\t\t<\/section>\n\t\t\t\t\t\t\t<\/div>\n\t\t","protected":false},"excerpt":{"rendered":"<p>Protection des \u00e9v\u00e9nements Les \u00e9quipes LPN issues du monde militaire comme du monde civil garantissent un environnement s\u00e9curis\u00e9 pour les \u00e9v\u00e9nements survenant chez nos clients : Pr\u00e9sence de VIP, d\u00e9fil\u00e9s, soir\u00e9es\u2026\u00a0 En veillant \u00e0 la s\u00e9curit\u00e9 de tous et en assurant la s\u00fbret\u00e9 des lieux.<\/p>\n","protected":false},"author":1,"featured_media":0,"parent":0,"menu_order":0,"comment_status":"closed","ping_status":"closed","template":"","meta":{"_uag_custom_page_level_css":"","site-sidebar-layout":"no-sidebar","site-content-layout":"page-builder","ast-site-content-layout":"","site-content-style":"default","site-sidebar-style":"default","ast-global-header-display":"","ast-banner-title-visibility":"","ast-main-header-display":"","ast-hfb-above-header-display":"","ast-hfb-below-header-display":"","ast-hfb-mobile-header-display":"","site-post-title":"disabled","ast-breadcrumbs-content":"","ast-featured-img":"disabled","footer-sml-layout":"","theme-transparent-header-meta":"default","adv-header-id-meta":"","stick-header-meta":"","header-above-stick-meta":"","header-main-stick-meta":"","header-below-stick-meta":"","astra-migrate-meta-layouts":"default","ast-page-background-enabled":"default","ast-page-background-meta":{"desktop":{"background-color":"","background-image":"","background-repeat":"repeat","background-position":"center center","background-size":"auto","background-attachment":"scroll","background-type":"","background-media":"","overlay-type":"","overlay-color":"","overlay-opacity":"","overlay-gradient":""},"tablet":{"background-color":"","background-image":"","background-repeat":"repeat","background-position":"center center","background-size":"auto","background-attachment":"scroll","background-type":"","background-media":"","overlay-type":"","overlay-color":"","overlay-opacity":"","overlay-gradient":""},"mobile":{"background-color":"","background-image":"","background-repeat":"repeat","background-position":"center center","background-size":"auto","background-attachment":"scroll","background-type":"","background-media":"","overlay-type":"","overlay-color":"","overlay-opacity":"","overlay-gradient":""}},"ast-content-background-meta":{"desktop":{"background-color":"var(--ast-global-color-5)","background-image":"","background-repeat":"repeat","background-position":"center center","background-size":"auto","background-attachment":"scroll","background-type":"","background-media":"","overlay-type":"","overlay-color":"","overlay-opacity":"","overlay-gradient":""},"tablet":{"background-color":"var(--ast-global-color-5)","background-image":"","background-repeat":"repeat","background-position":"center center","background-size":"auto","background-attachment":"scroll","background-type":"","background-media":"","overlay-type":"","overlay-color":"","overlay-opacity":"","overlay-gradient":""},"mobile":{"background-color":"var(--ast-global-color-5)","background-image":"","background-repeat":"repeat","background-position":"center center","background-size":"auto","background-attachment":"scroll","background-type":"","background-media":"","overlay-type":"","overlay-color":"","overlay-opacity":"","overlay-gradient":""}},"footnotes":""},"uagb_featured_image_src":{"full":false,"thumbnail":false,"medium":false,"medium_large":false,"large":false,"1536x1536":false,"2048x2048":false},"uagb_author_info":{"display_name":"admin","author_link":"https:\/\/securite-protection-risque.com\/index.php\/author\/levente\/"},"uagb_comment_info":0,"uagb_excerpt":"Protection des \u00e9v\u00e9nements Les \u00e9quipes LPN issues du monde militaire comme du monde civil garantissent un environnement s\u00e9curis\u00e9 pour les \u00e9v\u00e9nements survenant chez nos clients : Pr\u00e9sence de VIP, d\u00e9fil\u00e9s, soir\u00e9es\u2026\u00a0 En veillant \u00e0 la s\u00e9curit\u00e9 de tous et en assurant la s\u00fbret\u00e9 des lieux.","_links":{"self":[{"href":"https:\/\/securite-protection-risque.com\/index.php\/wp-json\/wp\/v2\/pages\/1796"}],"collection":[{"href":"https:\/\/securite-protection-risque.com\/index.php\/wp-json\/wp\/v2\/pages"}],"about":[{"href":"https:\/\/securite-protection-risque.com\/index.php\/wp-json\/wp\/v2\/types\/page"}],"author":[{"embeddable":true,"href":"https:\/\/securite-protection-risque.com\/index.php\/wp-json\/wp\/v2\/users\/1"}],"replies":[{"embeddable":true,"href":"https:\/\/securite-protection-risque.com\/index.php\/wp-json\/wp\/v2\/comments?post=1796"}],"version-history":[{"count":8,"href":"https:\/\/securite-protection-risque.com\/index.php\/wp-json\/wp\/v2\/pages\/1796\/revisions"}],"predecessor-version":[{"id":2105,"href":"https:\/\/securite-protection-risque.com\/index.php\/wp-json\/wp\/v2\/pages\/1796\/revisions\/2105"}],"wp:attachment":[{"href":"https:\/\/securite-protection-risque.com\/index.php\/wp-json\/wp\/v2\/media?parent=1796"}],"curies":[{"name":"wp","href":"https:\/\/api.w.org\/{rel}","templated":true}]}}