{"id":2236,"date":"2023-11-15T00:18:57","date_gmt":"2023-11-15T00:18:57","guid":{"rendered":"https:\/\/securite-protection-risque.com\/index.php\/histoire-copy\/"},"modified":"2023-11-26T19:18:17","modified_gmt":"2023-11-26T19:18:17","slug":"nous","status":"publish","type":"page","link":"https:\/\/securite-protection-risque.com\/index.php\/fr\/nous\/","title":{"rendered":"Qui sommes nous"},"content":{"rendered":"\t\t<div data-elementor-type=\"wp-page\" data-elementor-id=\"2236\" class=\"elementor elementor-2236\">\n\t\t\t\t\t\t\t\t\t<section class=\"elementor-section elementor-top-section elementor-element elementor-element-0aaec98 elementor-section-height-min-height elementor-section-items-bottom elementor-section-boxed elementor-section-height-default\" data-id=\"0aaec98\" data-element_type=\"section\" data-settings=\"{&quot;background_background&quot;:&quot;classic&quot;}\">\n\t\t\t\t\t\t\t<div class=\"elementor-background-overlay\"><\/div>\n\t\t\t\t\t\t\t<div class=\"elementor-container elementor-column-gap-default\">\n\t\t\t\t\t<div class=\"elementor-column elementor-col-100 elementor-top-column elementor-element elementor-element-914a51a\" data-id=\"914a51a\" data-element_type=\"column\">\n\t\t\t<div class=\"elementor-widget-wrap\">\n\t\t\t\t\t\t\t\t\t<\/div>\n\t\t<\/div>\n\t\t\t\t\t\t\t<\/div>\n\t\t<\/section>\n\t\t\t\t<section class=\"elementor-section elementor-top-section elementor-element elementor-element-3ff86e2 elementor-section-boxed elementor-section-height-default elementor-section-height-default\" data-id=\"3ff86e2\" data-element_type=\"section\">\n\t\t\t\t\t\t<div class=\"elementor-container elementor-column-gap-default\">\n\t\t\t\t\t<div class=\"elementor-column elementor-col-100 elementor-top-column elementor-element elementor-element-00ac402\" data-id=\"00ac402\" data-element_type=\"column\" data-settings=\"{&quot;background_background&quot;:&quot;classic&quot;}\">\n\t\t\t<div class=\"elementor-widget-wrap elementor-element-populated\">\n\t\t\t\t\t\t\t\t<section class=\"elementor-section elementor-inner-section elementor-element elementor-element-b26d3f9 elementor-section-boxed elementor-section-height-default elementor-section-height-default\" data-id=\"b26d3f9\" data-element_type=\"section\">\n\t\t\t\t\t\t<div class=\"elementor-container elementor-column-gap-default\">\n\t\t\t\t\t<div class=\"elementor-column elementor-col-100 elementor-inner-column elementor-element elementor-element-886c3ad\" data-id=\"886c3ad\" data-element_type=\"column\">\n\t\t\t<div class=\"elementor-widget-wrap elementor-element-populated\">\n\t\t\t\t\t\t\t\t<div class=\"elementor-element elementor-element-3503f0a elementor-widget elementor-widget-text-editor\" data-id=\"3503f0a\" data-element_type=\"widget\" data-widget_type=\"text-editor.default\">\n\t\t\t\t<div class=\"elementor-widget-container\">\n\t\t\t\t\t\t\t<p>Dans un contexte mondial o\u00f9 les menaces non traditionnelles se p\u00e9rennisent et se multiplient, LPN Group se place de par son savoir-faire comme force de proposition de solutions de s\u00e9curit\u00e9 globales permettant aux Etats, Institutions, ONG et structures priv\u00e9es de disposer d\u2019un panel de services de s\u00e9curit\u00e9 et de conseil dynamiques, de qualit\u00e9 et ce, de fa\u00e7on \u00e9conomique, structur\u00e9e, professionnelle et discr\u00e8te en toute confidentialit\u00e9.<\/p><p>Notre objectif est de mettre \u00e0 votre disposition nos ressources humaines, les outils et solutions pour vous accompagner dans vos projets et vous fournir les r\u00e9ponses appropri\u00e9es \u00e0 toute la gamme de risques et d\u2019obstacles pour optimiser vos d\u00e9veloppements, croissances et activit\u00e9s (Mise en place de solutions s\u00e9curitaires, consulting d\u2019accompagnement sur march\u00e9 et territoires sensibles, etc\u2026).<\/p><p>Vous trouverez au travers de notre site la pr\u00e9sentation de notre structure, nos capacit\u00e9s de r\u00e9action et, nous restons \u00e0 votre enti\u00e8re disposition pour r\u00e9pondre \u00e0 toutes vos questions. Nous sommes enti\u00e8rement disponibles pour venir vous rencontrer afin de vous proposer en personne notre offre adapt\u00e9e \u00e0 votre risque.<\/p><p>Dans l\u2019attente de notre prise de contact, veuillez agr\u00e9er, Madame, Monsieur, mes sentiments respectueux.<\/p><p><strong>Tibor Vass<\/strong>,<br \/>Pr\u00e9sident du Groupe LPN<\/p>\t\t\t\t\t\t<\/div>\n\t\t\t\t<\/div>\n\t\t\t\t\t<\/div>\n\t\t<\/div>\n\t\t\t\t\t\t\t<\/div>\n\t\t<\/section>\n\t\t\t\t\t<\/div>\n\t\t<\/div>\n\t\t\t\t\t\t\t<\/div>\n\t\t<\/section>\n\t\t\t\t<section class=\"elementor-section elementor-top-section elementor-element elementor-element-7d4a701 elementor-section-boxed elementor-section-height-default elementor-section-height-default\" data-id=\"7d4a701\" data-element_type=\"section\">\n\t\t\t\t\t\t<div class=\"elementor-container elementor-column-gap-default\">\n\t\t\t\t\t<div class=\"elementor-column elementor-col-100 elementor-top-column elementor-element elementor-element-3e4d9c1\" data-id=\"3e4d9c1\" data-element_type=\"column\">\n\t\t\t<div class=\"elementor-widget-wrap elementor-element-populated\">\n\t\t\t\t\t\t\t\t<div class=\"elementor-element elementor-element-026dcf6 elementor-widget elementor-widget-image\" data-id=\"026dcf6\" data-element_type=\"widget\" data-widget_type=\"image.default\">\n\t\t\t\t<div class=\"elementor-widget-container\">\n\t\t\t\t\t\t\t\t\t\t\t\t\t\t\t<img loading=\"lazy\" decoding=\"async\" width=\"960\" height=\"540\" src=\"https:\/\/securite-protection-risque.com\/wp-content\/uploads\/2023\/11\/Presentation2.002.jpeg\" class=\"attachment-large size-large wp-image-2223\" alt=\"\" srcset=\"https:\/\/securite-protection-risque.com\/wp-content\/uploads\/2023\/11\/Presentation2.002.jpeg 960w, https:\/\/securite-protection-risque.com\/wp-content\/uploads\/2023\/11\/Presentation2.002-300x169.jpeg 300w, https:\/\/securite-protection-risque.com\/wp-content\/uploads\/2023\/11\/Presentation2.002-768x432.jpeg 768w\" sizes=\"(max-width: 960px) 100vw, 960px\" \/>\t\t\t\t\t\t\t\t\t\t\t\t\t\t\t<\/div>\n\t\t\t\t<\/div>\n\t\t\t\t\t<\/div>\n\t\t<\/div>\n\t\t\t\t\t\t\t<\/div>\n\t\t<\/section>\n\t\t\t\t\t\t\t<\/div>\n\t\t","protected":false},"excerpt":{"rendered":"<p>Dans un contexte mondial o\u00f9 les menaces non traditionnelles se p\u00e9rennisent et se multiplient, LPN Group se place de par son savoir-faire comme force de proposition de solutions de s\u00e9curit\u00e9 globales permettant aux Etats, Institutions, ONG et structures priv\u00e9es de disposer d\u2019un panel de services de s\u00e9curit\u00e9 et de conseil dynamiques, de qualit\u00e9 et ce, [&hellip;]<\/p>\n","protected":false},"author":3,"featured_media":0,"parent":0,"menu_order":0,"comment_status":"closed","ping_status":"closed","template":"","meta":{"_uag_custom_page_level_css":"","site-sidebar-layout":"no-sidebar","site-content-layout":"page-builder","ast-site-content-layout":"full-width-container","site-content-style":"unboxed","site-sidebar-style":"unboxed","ast-global-header-display":"","ast-banner-title-visibility":"","ast-main-header-display":"","ast-hfb-above-header-display":"","ast-hfb-below-header-display":"","ast-hfb-mobile-header-display":"","site-post-title":"disabled","ast-breadcrumbs-content":"","ast-featured-img":"disabled","footer-sml-layout":"","theme-transparent-header-meta":"default","adv-header-id-meta":"","stick-header-meta":"","header-above-stick-meta":"","header-main-stick-meta":"","header-below-stick-meta":"","astra-migrate-meta-layouts":"set","ast-page-background-enabled":"default","ast-page-background-meta":{"desktop":{"background-color":"","background-image":"","background-repeat":"repeat","background-position":"center center","background-size":"auto","background-attachment":"scroll","background-type":"","background-media":"","overlay-type":"","overlay-color":"","overlay-opacity":"","overlay-gradient":""},"tablet":{"background-color":"","background-image":"","background-repeat":"repeat","background-position":"center center","background-size":"auto","background-attachment":"scroll","background-type":"","background-media":"","overlay-type":"","overlay-color":"","overlay-opacity":"","overlay-gradient":""},"mobile":{"background-color":"","background-image":"","background-repeat":"repeat","background-position":"center center","background-size":"auto","background-attachment":"scroll","background-type":"","background-media":"","overlay-type":"","overlay-color":"","overlay-opacity":"","overlay-gradient":""}},"ast-content-background-meta":{"desktop":{"background-color":"var(--ast-global-color-5)","background-image":"","background-repeat":"repeat","background-position":"center center","background-size":"auto","background-attachment":"scroll","background-type":"","background-media":"","overlay-type":"","overlay-color":"","overlay-opacity":"","overlay-gradient":""},"tablet":{"background-color":"var(--ast-global-color-5)","background-image":"","background-repeat":"repeat","background-position":"center center","background-size":"auto","background-attachment":"scroll","background-type":"","background-media":"","overlay-type":"","overlay-color":"","overlay-opacity":"","overlay-gradient":""},"mobile":{"background-color":"var(--ast-global-color-5)","background-image":"","background-repeat":"repeat","background-position":"center center","background-size":"auto","background-attachment":"scroll","background-type":"","background-media":"","overlay-type":"","overlay-color":"","overlay-opacity":"","overlay-gradient":""}},"footnotes":""},"uagb_featured_image_src":{"full":false,"thumbnail":false,"medium":false,"medium_large":false,"large":false,"1536x1536":false,"2048x2048":false},"uagb_author_info":{"display_name":"lpn-admin","author_link":"https:\/\/securite-protection-risque.com\/index.php\/author\/lpn-admin\/"},"uagb_comment_info":0,"uagb_excerpt":"Dans un contexte mondial o\u00f9 les menaces non traditionnelles se p\u00e9rennisent et se multiplient, LPN Group se place de par son savoir-faire comme force de proposition de solutions de s\u00e9curit\u00e9 globales permettant aux Etats, Institutions, ONG et structures priv\u00e9es de disposer d\u2019un panel de services de s\u00e9curit\u00e9 et de conseil dynamiques, de qualit\u00e9 et ce,&hellip;","_links":{"self":[{"href":"https:\/\/securite-protection-risque.com\/index.php\/wp-json\/wp\/v2\/pages\/2236"}],"collection":[{"href":"https:\/\/securite-protection-risque.com\/index.php\/wp-json\/wp\/v2\/pages"}],"about":[{"href":"https:\/\/securite-protection-risque.com\/index.php\/wp-json\/wp\/v2\/types\/page"}],"author":[{"embeddable":true,"href":"https:\/\/securite-protection-risque.com\/index.php\/wp-json\/wp\/v2\/users\/3"}],"replies":[{"embeddable":true,"href":"https:\/\/securite-protection-risque.com\/index.php\/wp-json\/wp\/v2\/comments?post=2236"}],"version-history":[{"count":4,"href":"https:\/\/securite-protection-risque.com\/index.php\/wp-json\/wp\/v2\/pages\/2236\/revisions"}],"predecessor-version":[{"id":2240,"href":"https:\/\/securite-protection-risque.com\/index.php\/wp-json\/wp\/v2\/pages\/2236\/revisions\/2240"}],"wp:attachment":[{"href":"https:\/\/securite-protection-risque.com\/index.php\/wp-json\/wp\/v2\/media?parent=2236"}],"curies":[{"name":"wp","href":"https:\/\/api.w.org\/{rel}","templated":true}]}}